{"id":13812,"date":"2018-05-29T13:37:42","date_gmt":"2018-05-29T12:37:42","guid":{"rendered":"https:\/\/supanz.org\/?page_id=13812"},"modified":"2021-05-02T20:14:29","modified_gmt":"2021-05-02T19:14:29","slug":"lizenzvereinbarungen","status":"publish","type":"page","link":"https:\/\/supanz.org\/de\/lizenzvereinbarungen\/","title":{"rendered":"Lizenzvereinbarungen"},"content":{"rendered":"<div class=\"fusion-fullwidth fullwidth-box fusion-builder-row-1 hundred-percent-fullwidth non-hundred-percent-height-scrolling\" style=\"--awb-border-radius-top-left:0px;--awb-border-radius-top-right:0px;--awb-border-radius-bottom-right:0px;--awb-border-radius-bottom-left:0px;--awb-overflow:visible;--awb-flex-wrap:wrap;\" ><div class=\"fusion-builder-row fusion-row\"><div class=\"fusion-layout-column fusion_builder_column fusion-builder-column-0 fusion_builder_column_1_1 1_1 fusion-one-full fusion-column-first fusion-column-last fusion-column-no-min-height\" style=\"--awb-bg-size:cover;\"><div class=\"fusion-column-wrapper fusion-flex-column-wrapper-legacy\">\n<h2><strong>LIZENZVERTRAG<\/strong><\/h2>\n<p>\u00fcber die Lizenzierung<\/p>\n<p>der BS-S Software [BS-S steht f\u00fcr Business Software \u2013 Supanz], die als allein stehende Produkte verkauft werden, wie beispielsweise BS-S Program Generator, oder mobile Applikationen wie Report Manager for SAP, BS-S Web-Timesheet, BS-S-Web-Time-CATS und die BS-S Benutzerverwaltung, mit allen Komponenten der Basistechnologie BS-S Interaction Framework\u00a9, (in der Folge als \u201eSoftware\u201c bezeichnet)\u00a0durch die SUPANZ GmbH, Reauz 9a, 9074 Keutschach\/See (in der Folge als \u201e<em>SUPANZ<\/em>\u201c oder \u201e<em>Lizenzgeber<\/em>\u201c bezeichnet)<\/p>\n<ol>\n<li>\n<h3><strong style=\"line-height: 1.5;\">Vertragszweck<\/strong><\/h3>\n<\/li>\n<\/ol>\n<p><strong>\u00a0<\/strong>1.1\u00a0\u00a0\u00a0\u00a0\u00a0\u00a0 Ziel und Zweck dieses Vertrages ist die Lizenzierung der Software an den Lizenznehmer f\u00fcr jede Art der installierten Software-Produkte \u2013 also sowohl f\u00fcr bezahlte Lizenzen, als auch f\u00fcr Testlizenzen\/Gratis-Demoversionen. Einsatzzweck der Software ist beispielsweise die Erstellung unterschiedlicher Daten-Importverfahren, wie Datenmigrationen, Schnittstellen von\/zu Fremd-Systemen, sowie WEB-Integrationen f\u00fcr Desktop und mobile Anwendungen, in ein SAP-System &#8211; mit Hilfe einer interaktiven Benutzeroberfl\u00e4che \u2013 durch Generierung des Programmcodes und der Objektdaten.<br \/>\nDer Lizenzgeber stellt die Software dem Lizenznehmer ohne zeitliche Begrenzung zur Verf\u00fcgung.<br \/>\n1.2\u00a0\u00a0\u00a0\u00a0\u00a0\u00a0 Gegenstand dieses Lizenzvertrags ist ausschlie\u00dflich die Lizenzierung an Unternehmer. Eine Lizenzierung an Verbraucher iSd Konsumentenschutzgesetzes ist nicht vorgesehen.<\/p>\n<ol start=\"2\">\n<li>\n<h3><strong> Nutzungsrechte<\/strong><strong>\u00a0<\/strong><\/h3>\n<\/li>\n<\/ol>\n<p>2.1\u00a0\u00a0\u00a0\u00a0\u00a0\u00a0 Der Lizenzgeber ist ausschlie\u00dflicher Inhaber aller Werknutzungsrechte und allf\u00e4lliger weiterer bestehender gewerblicher Schutzrechte an der Software samt der dazu geh\u00f6rigen Dokumentation.<\/p>\n<p>2.2\u00a0\u00a0\u00a0\u00a0\u00a0\u00a0 Der Lizenzgeber erteilt dem Lizenznehmer die nicht exklusive, nicht \u00fcbertragbare, \u00f6rtlich und zeitlich unbegrenzte Werknutzungsbewilligung zur Nutzung der Software [= sog. Runtime-License]. Diese Nutzung umfasst die Installation der Software, das Laden, Anzeigen, Laufenlassen und Speichern der Software im folgenden Umfang:<\/p>\n<ul>\n<li>Nutzung innerhalb des Unternehmens und verbundener Unternehmen des Lizenznehmers f\u00fcr eine SAP-Installationsnummer der SAP-Systeme<\/li>\n<li>Lizenzvolumen [im Fall von mobilen Applikationen]: Gestaffelt nach der Anzahl der User. \u2013 \u00dcberschreitet die Anzahl der eingetragenen User zur Applikation im Lizenzschl\u00fcssel die maximale User-Zahl muss ein neues Lizenz-Volumen [= neuer Lizenzschl\u00fcssel] beantragt werden.<\/li>\n<\/ul>\n<p>Zul\u00e4ssige Ver\u00e4nderbarkeit durch den Lizenznehmer: Der Lizenznehmer ist berechtigt eine oder mehrere Kopien der Software und DDIC-Objekte auf jenem SAP-System zu erstellen, f\u00fcr welches die Original-Software lizenziert wurde, als Basis f\u00fcr \u00c4nderungen und Weiterentwicklungen sowie deren Nutzung. Verpflichtend ist jedoch das Beibehalten der Methode betreffend der aktuellen User-Anzahl und Lizenzschl\u00fcsselpr\u00fcfungen.<br \/>\nDar\u00fcber hinaus gehende Nutzungsrechte an der Software erwirbt der Lizenznehmer nicht. Insbesondere ist der Lizenznehmer nicht berechtigt, die Software (ausgenommen die fl\u00fcchtige oder begleitende Vervielf\u00e4ltigung gem\u00e4\u00df \u00a7 41a Urheberrechtsgesetz) zu vervielf\u00e4ltigen oder zu verbreiten.<br \/>\n2.3\u00a0\u00a0\u00a0\u00a0\u00a0\u00a0 Die Software wird per E-Mail oder Download nach der Registrierung zur Verf\u00fcgung gestellt. Nach der Bezahlung wird ein Lizenzschl\u00fcssel\/Lizenzzertifikat per E-Mail zugesandt. \u00a0Beigeschlossen ist eine Dokumentation (Benutzerkurzanleitung).<br \/>\nDer Lizenznehmer ist berechtigt, diese Dokumentation zu vervielf\u00e4ltigen bzw innerhalb seines Unternehmens elektronisch zur Verf\u00fcgung zu stellen, soweit dies f\u00fcr die Nutzung der Software erforderlich ist.<br \/>\n2.4\u00a0\u00a0\u00a0\u00a0\u00a0\u00a0 Voraussetzung f\u00fcr die \u00dcberlassung der Nutzungsrechte ist der Abschluss einer obligatorischen 12-monatigen Wartungsvereinbarung durch den Lizenznehmer und der Eingang der vereinbarten Bezahlung. Die Wartungsgeb\u00fchr f\u00fcr das laufende Jahr wird anteilig auf Basis der verbliebenen Monate berechnet. Die Jahresgeb\u00fchr wird jeweils zum 01.01. eines Jahres in Rechnung gestellt.<br \/>\nEine Nichtbezahlung der j\u00e4hrlichen Wartungsgeb\u00fchr entbindet den Lizenzgeber von der fortzuf\u00fchrenden Wartung wie beispielsweise Lieferung von Software-Aktualisierungen und Support-Leistungen.<\/p>\n<ol start=\"3\">\n<li>\n<h3><strong> Leistungsabgrenzung<\/strong><strong>\u00a0<\/strong><\/h3>\n<\/li>\n<\/ol>\n<p>3.1\u00a0\u00a0\u00a0\u00a0\u00a0\u00a0 Der Lizenznehmer schafft seinerseits hardware- und softwareseitig die erforderlichen Voraussetzungen f\u00fcr Installation und Einsatz der Software. Der Lizenznehmer best\u00e4tigt, dass er sich \u00fcber die IT-technischen und sonstigen Risiken komplexer Datenverarbeitungsprozesse selbstst\u00e4ndig informiert bzw. sachverst\u00e4ndig beraten lassen hat und nimmt zur Kenntnis, dass sich die Aufgaben des Lizenzgebers auf das Zurverf\u00fcgungstellen der Software beschr\u00e4nken.<br \/>\n3.2\u00a0\u00a0\u00a0\u00a0\u00a0\u00a0 Der Lizenznehmer erh\u00e4lt die Software, nach Registrierung \u2013 Bekanntgabe der Unternehmens- und Kontaktdaten (siehe Punkt 4) per E-Mail oder \u00fcber das Web-Portal\/Online-Shop des Lizenzgebers &#8211; in einer E-Mail oder als Download. Zwecks Sicherstellung der Integrit\u00e4t der erhaltenen Software wurde die Entwicklung in einem unver\u00e4nderbaren Namensraum von SAP zur Verf\u00fcgung gestellt. Dieser Namensraum ist innerhalb der Software erkenntlich. Au\u00dferdem ist die Basistechnologie BS-S Interaction Framework\u00a9 SAP-zertifiziert und garantiert daher die nahtlose Integration in die bestehende Kunden-SAP-System-Landschaft. Eine Versendung der Software auf Datentr\u00e4ger ist nach gesonderter Vereinbarung gegen Kostenersatz m\u00f6glich.<br \/>\n3.3\u00a0\u00a0\u00a0\u00a0\u00a0\u00a0 Unterst\u00fctzende Leistungen wie die Einschulung von Mitarbeitern des Lizenznehmers oder die Pflege (Support) der vom Lizenznehmer durchgef\u00fchrten Software\u00e4nderungen \u2013 wie unter Punkt 2.2 beschrieben &#8211; sind nicht Gegenstand der Lizenzierung, sondern im Rahmen eines allf\u00e4lligen gesonderten Service- und Wartungsvertrages festzulegen und grunds\u00e4tzlich nach Aufwand zu verg\u00fcten. Insbesondere liegen auch die Wartung und \u2013 sofern erforderlich \u2013 rechtzeitige Aktualisierung der Systemumgebung sowie die erforderlichen Ma\u00dfnahmen zur Gew\u00e4hrleistung der Datensicherheit (Vertraulichkeit, Verf\u00fcgbarkeit und Integrit\u00e4t) im Verantwortungsbereich des Lizenznehmers.<br \/>\n3.4\u00a0\u00a0\u00a0\u00a0\u00a0\u00a0 Die f\u00fcr den Einsatz der Software allenfalls erforderliche Lizenzierung und Installation von Software von Drittherstellern erfolgt selbst\u00e4ndig durch den Lizenznehmer. Der Lizenzgeber wird den Lizenznehmer auf Wunsch gegen gesondertes Entgelt bei der Beschaffung solcher Lizenzen und Installation der Software unterst\u00fctzen.<\/p>\n<ol start=\"4\">\n<li>\n<h3><strong> Pflichten des Lizenznehmers<\/strong><strong>\u00a0<\/strong><\/h3>\n<\/li>\n<\/ol>\n<p>4.1 \u00a0 \u00a0 \u00a0 Der Lizenznehmer ist verpflichtet im Rahmen der Registrierung per E-Mail oder Online \u00fcber das Web-Portal des Lizenzgebers seine korrekten Daten anzugeben: Name und Adresse der Organisation, Name der Kontaktperson sowie eine aktive\/g\u00fcltige, ihr zugeordnete E-Mail-Adresse, die SAP-Installationsnummer und [im Fall von mobilen Applikationen] die Anzahl der User.<br \/>\n4.2 \u00a0 \u00a0 \u00a0 F\u00fcr die Erteilung der Werknutzungsbewilligung gem\u00e4\u00df Punkt 2 dieses Vertrages zahlt der Lizenznehmer dem Lizenzgeber das im Web-Portal\/Online-Shop des Lizenzgebers ausgewiesene und der Bestellung zugrunde liegende Entgelt.<br \/>\n4.3\u00a0\u00a0\u00a0\u00a0\u00a0\u00a0 Im Falle der Zahlungsabwicklung \u00fcber einen Zahlungsdienstleister (zB PayPal, Paylife) hat der der Lizenznehmer gegebenenfalls auch die Allgemeinen Gesch\u00e4ftsbedingungen dieser Dienstleister zu akzeptieren.<br \/>\n4.4 \u00a0 \u00a0 \u00a0 Die Werknutzungsbewilligung gem\u00e4\u00df Punkt 2 entsteht erst nach vollst\u00e4ndiger Bezahlung des Entgelts.<\/p>\n<ol start=\"5\">\n<li>\n<h3><strong> Vertraulichkeit<\/strong><strong>\u00a0<\/strong><\/h3>\n<\/li>\n<\/ol>\n<p>5.1\u00a0\u00a0\u00a0\u00a0\u00a0\u00a0 Der Lizenznehmer nimmt zur Kenntnis, dass die Software, ihre Komponenten und Eigenschaften Gesch\u00e4fts- bzw Betriebsgeheimnisse des Lizenzgebers sind und wird daher weder derartige Informationen durch Reverse Engineering ermitteln noch an Dritte weitergeben.<br \/>\n5.2 \u00a0\u00a0\u00a0\u00a0\u00a0 Die Weitergabe des dem Lizenznehmer zur Verf\u00fcgung gestellten, Lizenzschl\u00fcssels ist verboten und f\u00fchrt zum Erl\u00f6schen der erteilten Werknutzungsbewilligung.<\/p>\n<ol start=\"6\">\n<li>\n<h3><strong> Gew\u00e4hrleistung<\/strong><strong>\u00a0<\/strong><\/h3>\n<\/li>\n<\/ol>\n<p>6.1\u00a0\u00a0\u00a0\u00a0\u00a0\u00a0 Die Informationen auf der Homepage des Lizenzgebers dienen ausschlie\u00dflich der Information des Lizenznehmers und umfassen \u2013 sofern nicht ausdr\u00fccklich Gegenteiliges angef\u00fchrt ist \u2013 keine gew\u00e4hrleistungsrelevanten Zusicherungen.<br \/>\n6.2\u00a0\u00a0\u00a0\u00a0\u00a0\u00a0 Die dem Lizenznehmer gegen dem Lizenzgeber zustehenden Gew\u00e4hrleistungsanspr\u00fcche richten sich grunds\u00e4tzlich nach den Vorschriften des ABGB und UGB, wobei insbesondere die Anwendung der \u00a7\u00a7 377 f UGB vereinbart ist und allf\u00e4llige M\u00e4ngelr\u00fcgen binnen drei Tagen erfolgen m\u00fcssen. Der Lizenzgeber leistet Gew\u00e4hr, dass die Software zum Zeitpunkt der Versendung an den Lizenznehmer die vertraglich zugesicherten und gew\u00f6hnlich vorausgesetzten Eigenschaften aufweist. Aussagen des Lizenzgebers \u00fcber Eigenschaften der Software oder sonstiger Lieferungen und Leistungen gelten nur dann als gew\u00e4hrleistungsrelevante Zusicherung von Eigenschaften, wenn sie schriftlich erfolgen. In diesem Zusammenhang nimmt der Lizenznehmer zur Kenntnis, dass nach dem Stand der Technik Softwarefehler nicht v\u00f6llig ausgeschlossen werden k\u00f6nnen. Der Lizenzgeber leistet daher nur f\u00fcr M\u00e4ngel an der Software Gew\u00e4hr, welche ihre vertragsgem\u00e4\u00dfe Nutzung unm\u00f6glich machen oder ernstlich einschr\u00e4nken.<br \/>\n6.3\u00a0\u00a0\u00a0\u00a0\u00a0\u00a0 Der Lizenzgeber haftet nicht f\u00fcr M\u00e4ngel oder Sch\u00e4den, die aus St\u00f6rungen, Verz\u00f6gerungen oder Unterbrechungen im Zuge der \u00dcbersendung bzw. des Erhalts resultieren, au\u00dfer sie liegen in seiner Sph\u00e4re, wof\u00fcr der Lizenznehmer beweispflichtig ist.<br \/>\n6.4\u00a0\u00a0\u00a0\u00a0\u00a0\u00a0 Die Gew\u00e4hrleistung beschr\u00e4nkt sich auf schriftlich gemeldete und reproduzierbare M\u00e4ngel; die Vermutung des Vorhandenseins eines Mangels bei der \u00dcbergabe gem\u00e4\u00df \u00a7 924 ABGB ist abbedungen. Die Gew\u00e4hrleistungsfrist l\u00e4uft zw\u00f6lf Monate ab \u00dcbersendung der Software.<br \/>\n6.5\u00a0\u00a0\u00a0\u00a0\u00a0\u00a0 Ist ein Mangel behebbar, kann der Lizenznehmer zun\u00e4chst nur Verbesserung fordern. Die Verbesserung erfolgt nach Wahl des Lizenzgebers je nach Bedeutung des Fehlers durch die Lieferung einer verbesserten Software-Version oder durch Hinweise zur Beseitigung oder zum Umgehen der Auswirkungen des Fehlers. Der Lizenznehmer ist verpflichtet, eine ihm vom Lizenzgeber im Rahmen der Verbesserung angebotene neue Software-Version zu \u00fcbernehmen, es sei denn, dies f\u00fchrt f\u00fcr ihn zu unzumutbaren Anpassungs- und Umstellungsproblemen. Beseitigt der Lizenzgeber den Mangel nicht binnen angemessener Frist oder w\u00e4re die M\u00e4ngelbehebung mit einem unverh\u00e4ltnism\u00e4\u00dfig hohen Aufwand verbunden, so hat der Lizenznehmer das Recht auf Preisminderung oder, sofern es sich nicht um einen geringf\u00fcgigen Mangel handelt, das Recht auf Wandlung. Ist die Leistung teilbar, steht das Recht auf Wandlung nur im Hinblick auf den vom Mangel betroffenen Leistungsteil zu. Dar\u00fcber hinaus gehende Anspr\u00fcche des Lizenznehmers sind ausgeschlossen.<br \/>\n6.6\u00a0\u00a0\u00a0\u00a0\u00a0\u00a0 Stellt sich bei der Behebung von M\u00e4ngeln heraus, dass diese auf einen nicht vom Lizenzgeber zu vertretende Ursache zur\u00fcckzuf\u00fchren sind (zB Fehlbedienung, Wechselwirkungen mit Software des Lizenznehmers, Besonderheiten der Systemumgebung beim Lizenznehmer), zahlt der Lizenznehmer f\u00fcr den entstandenen Aufwand ein angemessenes Entgelt.<\/p>\n<ol start=\"7\">\n<li>\n<h3><strong> Schadenersatz<\/strong><strong>\u00a0<\/strong><\/h3>\n<\/li>\n<\/ol>\n<p>7.1\u00a0\u00a0\u00a0\u00a0\u00a0\u00a0 Der Lizenzgeber haftet bei Vorsatz oder grober Fahrl\u00e4ssigkeit betragsm\u00e4\u00dfig unbegrenzt, die Haftung f\u00fcr leichte Fahrl\u00e4ssigkeit ist ausgeschlossen, ebenso die Haftung f\u00fcr Folgesch\u00e4den, Verm\u00f6genssch\u00e4den, Verdienstentgang, immaterielle Sch\u00e4den, Datenverlust, Unrichtigkeit oder Unvollst\u00e4ndigkeit migrierter Daten, Sch\u00e4den wegen Projektverzugs, Sch\u00e4den aus Anspr\u00fcchen Dritter, nicht erzielten Ersparnissen und Zinsverlusten. Ausgenommen von diesen Haftungsbeschr\u00e4nkungen sind Personensch\u00e4den.<br \/>\n7.2\u00a0\u00a0\u00a0\u00a0\u00a0\u00a0 Der Lizenznehmer nimmt zur Kenntnis, dass er im Rahmen seiner Obliegenheit zur Schadensminderung eine regelm\u00e4\u00dfige Sicherung seiner Daten vorzunehmen und im Falle eines vermuteten Softwarefehlers alle zumutbaren zus\u00e4tzlichen Sicherungsma\u00dfnahmen zu ergreifen hat.<br \/>\n7.3\u00a0\u00a0\u00a0\u00a0\u00a0\u00a0 Wird der Lizenznehmer wegen Verletzung von Immaterialg\u00fcterrechten Dritter auf Grund der Nutzung der Software in Anspruch genommen, wird der Lizenzgeber ihn schadlos halten, wenn der Lizenznehmer ihm diesen Sachverhalt unverz\u00fcglich anzeigt und dem Lizenzgeber alle Verhandlungen \u00fcberl\u00e4sst. Der Lizenzgeber wird im Falle berechtigter Anspr\u00fcche Dritter f\u00fcr den Lizenznehmer die notwendigen Rechte an der Software erwerben oder gleichwertige Software liefern oder gegen R\u00fcckstellung der Software dem Kunden die Kosten der Software erstatten.<\/p>\n<ol start=\"8\">\n<li>\n<h3><strong> Schlussbestimmungen<\/strong><strong>\u00a0<\/strong><\/h3>\n<\/li>\n<\/ol>\n<p>8.1\u00a0\u00a0\u00a0\u00a0\u00a0\u00a0 Diesem Vertragsverh\u00e4ltnis liegen subsidi\u00e4r die Allgemeinen Gesch\u00e4ftsbedingungen des Lizenzgebers, die Vorschriften des Unternehmergesetzbuches sowie des Allgemeinen B\u00fcrgerlichen Gesetzbuches zugrunde. Allf\u00e4llige Allgemeine Gesch\u00e4ftsbedingungen des Lizenznehmers werden nicht Vertragsbestandteil, es sei denn, der Lizenzgeber stimmt ihrer Anwendung ausdr\u00fccklich und schriftlich zu.<br \/>\n8.2 \u00a0\u00a0\u00a0\u00a0\u00a0 \u00c4nderungen oder Erg\u00e4nzungen dieses Vertrages bed\u00fcrfen der Schriftform. Dies gilt auch f\u00fcr ein Abgehen von diesem Formerfordernis.<br \/>\n8.3\u00a0\u00a0\u00a0\u00a0\u00a0\u00a0 Die \u00dcbertragung von Rechten oder Pflichten aus diesem Vertrag durch den Lizenznehmer auf Dritte bedarf der Zustimmung des Lizenzgebers; ausgenommen davon ist die Zession von Geldforderungen. Der Lizenznehmer ist nicht berechtigt, mit eigenen Forderungen gegen die Forderungen des Lizenzgebers aufzurechnen, es sei denn, diese wurden vom Lizenzgeber schriftlich anerkannt oder gerichtlich festgestellt. Im Streitfall ist der Lizenznehmer nicht berechtigt, Leistungen zur\u00fcckzubehalten.<br \/>\n8.4\u00a0\u00a0\u00a0\u00a0\u00a0\u00a0 Erf\u00fcllungsort f\u00fcr alle Leistungen aus diesem Vertrag ist Klagenfurt am W\u00f6rthersee. Auf diesen Vertrag kommt ausschlie\u00dflich \u00f6sterreichisches Recht zur Anwendung; die Anwendung des IPRG und des UN-Kaufrechts ist ausgeschlossen. F\u00fcr Streitigkeiten aus diesem Vertrag ist ausschlie\u00dflich das sachlich zust\u00e4ndige Gericht in Klagenfurt am W\u00f6rthersee zust\u00e4ndig.<br \/>\n8.5\u00a0\u00a0\u00a0\u00a0\u00a0\u00a0 Eine allf\u00e4llige Unwirksamkeit oder Undurchsetzbarkeit einzelner Bestimmungen dieses Vertrages beeintr\u00e4chtigt die Wirksamkeit der sonstigen Vertragsbestimmungen nicht. In diesem Fall tritt an die Stelle der unwirksamen oder nicht durchsetzbaren Bestimmung eine wirksame bzw durchsetzbare Bestimmung, die der unwirksamen bzw nicht durchsetzbaren Bestimmung wirtschaftlich m\u00f6glichst nahe kommt.<br \/>\n8.6\u00a0\u00a0\u00a0\u00a0\u00a0\u00a0 Dieser Vertrag ist ausschlie\u00dflich in der vorliegenden deutschen Fassung authentisch und Grundlage der Vertragsbeziehung. Soweit dieser Vertragstext auch in weiteren Sprachen zur Verf\u00fcgung gestellt wird, ist dies lediglich ein Service f\u00fcr internationale Lizenznehmer, macht die jeweilige \u00dcbersetzung jedoch nicht zur Vertragsgrundlage.<\/p>\n<p>Download als PDF: <a href=\"\/wp-content\/uploads\/2018\/05\/Supanz_General_Terms_and_Conditions.pdf\" target=\"_blank\" rel=\"noopener noreferrer\">Lizenzvertrag Supanz GmbH<\/a><div class=\"fusion-clearfix\"><\/div><\/div><\/div><\/div><\/div>","protected":false},"excerpt":{"rendered":"","protected":false},"author":2,"featured_media":0,"parent":0,"menu_order":0,"comment_status":"open","ping_status":"open","template":"","meta":{"_bbp_topic_count":0,"_bbp_reply_count":0,"_bbp_total_topic_count":0,"_bbp_total_reply_count":0,"_bbp_voice_count":0,"_bbp_anonymous_reply_count":0,"_bbp_topic_count_hidden":0,"_bbp_reply_count_hidden":0,"_bbp_forum_subforum_count":0,"content-type":"","jetpack_post_was_ever_published":false,"footnotes":"","_links_to":"","_links_to_target":""},"acf":[],"yoast_head":"<!-- This site is optimized with the Yoast SEO plugin v21.4 - https:\/\/yoast.com\/wordpress\/plugins\/seo\/ -->\n<title>Lizenzvereinbarungen - Supanz GmbH<\/title>\n<meta name=\"description\" content=\"Supanz GmbH, SAP Integration and Mobile Apps - Allgemeine Gesch\u00e4ftsbedingungen und Lizenzvereinbarungen\" \/>\n<meta name=\"robots\" content=\"index, follow, max-snippet:-1, max-image-preview:large, max-video-preview:-1\" \/>\n<link rel=\"canonical\" href=\"https:\/\/supanz.org\/de\/lizenzvereinbarungen\/\" \/>\n<meta property=\"og:locale\" content=\"de_DE\" \/>\n<meta property=\"og:type\" content=\"article\" \/>\n<meta property=\"og:title\" content=\"[:de]Lizenzvereinbarungen[:en]License Agreement[:] - Supanz GmbH\" \/>\n<meta property=\"og:description\" content=\"Supanz GmbH, SAP Integration and Mobile Apps - Allgemeine Gesch\u00e4ftsbedingungen und Lizenzvereinbarungen\" \/>\n<meta property=\"og:url\" content=\"https:\/\/supanz.org\/de\/lizenzvereinbarungen\/\" \/>\n<meta property=\"og:site_name\" content=\"Supanz GmbH\" \/>\n<meta property=\"article:modified_time\" content=\"2021-05-02T19:14:29+00:00\" \/>\n<meta name=\"twitter:card\" content=\"summary_large_image\" \/>\n<meta name=\"twitter:label1\" content=\"Gesch\u00e4tzte Lesezeit\" \/>\n\t<meta name=\"twitter:data1\" content=\"20 Minuten\" \/>\n<script type=\"application\/ld+json\" class=\"yoast-schema-graph\">{\"@context\":\"https:\/\/schema.org\",\"@graph\":[{\"@type\":\"WebPage\",\"@id\":\"https:\/\/supanz.org\/de\/lizenzvereinbarungen\/\",\"url\":\"https:\/\/supanz.org\/de\/lizenzvereinbarungen\/\",\"name\":\"[:de]Lizenzvereinbarungen[:en]License Agreement[:] - Supanz GmbH\",\"isPartOf\":{\"@id\":\"https:\/\/supanz.org\/de\/#website\"},\"datePublished\":\"2018-05-29T12:37:42+00:00\",\"dateModified\":\"2021-05-02T19:14:29+00:00\",\"description\":\"Supanz GmbH, SAP Integration and Mobile Apps - Allgemeine Gesch\u00e4ftsbedingungen und Lizenzvereinbarungen\",\"breadcrumb\":{\"@id\":\"https:\/\/supanz.org\/de\/lizenzvereinbarungen\/#breadcrumb\"},\"inLanguage\":\"de-DE\",\"potentialAction\":[{\"@type\":\"ReadAction\",\"target\":[\"https:\/\/supanz.org\/de\/lizenzvereinbarungen\/\"]}]},{\"@type\":\"BreadcrumbList\",\"@id\":\"https:\/\/supanz.org\/de\/lizenzvereinbarungen\/#breadcrumb\",\"itemListElement\":[{\"@type\":\"ListItem\",\"position\":1,\"name\":\"Home\",\"item\":\"https:\/\/supanz.org\/\"},{\"@type\":\"ListItem\",\"position\":2,\"name\":\"Lizenzvereinbarungen\"}]},{\"@type\":\"WebSite\",\"@id\":\"https:\/\/supanz.org\/de\/#website\",\"url\":\"https:\/\/supanz.org\/de\/\",\"name\":\"Supanz GmbH\",\"description\":\"SAP Integration and Mobile Apps\",\"potentialAction\":[{\"@type\":\"SearchAction\",\"target\":{\"@type\":\"EntryPoint\",\"urlTemplate\":\"https:\/\/supanz.org\/de\/?s={search_term_string}\"},\"query-input\":\"required name=search_term_string\"}],\"inLanguage\":\"de-DE\"}]}<\/script>\n<!-- \/ Yoast SEO plugin. -->","yoast_head_json":{"title":"[:de]Lizenzvereinbarungen[:en]License Agreement[:] - Supanz GmbH","description":"Supanz GmbH, SAP Integration and Mobile Apps - Allgemeine Gesch\u00e4ftsbedingungen und Lizenzvereinbarungen","robots":{"index":"index","follow":"follow","max-snippet":"max-snippet:-1","max-image-preview":"max-image-preview:large","max-video-preview":"max-video-preview:-1"},"canonical":"https:\/\/supanz.org\/de\/lizenzvereinbarungen\/","og_locale":"de_DE","og_type":"article","og_title":"[:de]Lizenzvereinbarungen[:en]License Agreement[:] - Supanz GmbH","og_description":"Supanz GmbH, SAP Integration and Mobile Apps - Allgemeine Gesch\u00e4ftsbedingungen und Lizenzvereinbarungen","og_url":"https:\/\/supanz.org\/de\/lizenzvereinbarungen\/","og_site_name":"Supanz GmbH","article_modified_time":"2021-05-02T19:14:29+00:00","twitter_card":"summary_large_image","twitter_misc":{"Gesch\u00e4tzte Lesezeit":"20 Minuten"},"schema":{"@context":"https:\/\/schema.org","@graph":[{"@type":"WebPage","@id":"https:\/\/supanz.org\/de\/lizenzvereinbarungen\/","url":"https:\/\/supanz.org\/de\/lizenzvereinbarungen\/","name":"[:de]Lizenzvereinbarungen[:en]License Agreement[:] - Supanz GmbH","isPartOf":{"@id":"https:\/\/supanz.org\/de\/#website"},"datePublished":"2018-05-29T12:37:42+00:00","dateModified":"2021-05-02T19:14:29+00:00","description":"Supanz GmbH, SAP Integration and Mobile Apps - Allgemeine Gesch\u00e4ftsbedingungen und Lizenzvereinbarungen","breadcrumb":{"@id":"https:\/\/supanz.org\/de\/lizenzvereinbarungen\/#breadcrumb"},"inLanguage":"de-DE","potentialAction":[{"@type":"ReadAction","target":["https:\/\/supanz.org\/de\/lizenzvereinbarungen\/"]}]},{"@type":"BreadcrumbList","@id":"https:\/\/supanz.org\/de\/lizenzvereinbarungen\/#breadcrumb","itemListElement":[{"@type":"ListItem","position":1,"name":"Home","item":"https:\/\/supanz.org\/"},{"@type":"ListItem","position":2,"name":"Lizenzvereinbarungen"}]},{"@type":"WebSite","@id":"https:\/\/supanz.org\/de\/#website","url":"https:\/\/supanz.org\/de\/","name":"Supanz GmbH","description":"SAP Integration and Mobile Apps","potentialAction":[{"@type":"SearchAction","target":{"@type":"EntryPoint","urlTemplate":"https:\/\/supanz.org\/de\/?s={search_term_string}"},"query-input":"required name=search_term_string"}],"inLanguage":"de-DE"}]}},"jetpack_sharing_enabled":true,"jetpack_shortlink":"https:\/\/wp.me\/PaFdBB-3AM","_links":{"self":[{"href":"https:\/\/supanz.org\/de\/wp-json\/wp\/v2\/pages\/13812"}],"collection":[{"href":"https:\/\/supanz.org\/de\/wp-json\/wp\/v2\/pages"}],"about":[{"href":"https:\/\/supanz.org\/de\/wp-json\/wp\/v2\/types\/page"}],"author":[{"embeddable":true,"href":"https:\/\/supanz.org\/de\/wp-json\/wp\/v2\/users\/2"}],"replies":[{"embeddable":true,"href":"https:\/\/supanz.org\/de\/wp-json\/wp\/v2\/comments?post=13812"}],"version-history":[{"count":0,"href":"https:\/\/supanz.org\/de\/wp-json\/wp\/v2\/pages\/13812\/revisions"}],"wp:attachment":[{"href":"https:\/\/supanz.org\/de\/wp-json\/wp\/v2\/media?parent=13812"}],"curies":[{"name":"wp","href":"https:\/\/api.w.org\/{rel}","templated":true}]}}