{"id":13817,"date":"2018-05-29T13:45:20","date_gmt":"2018-05-29T12:45:20","guid":{"rendered":"https:\/\/supanz.org\/?page_id=13817"},"modified":"2021-05-02T20:14:29","modified_gmt":"2021-05-02T19:14:29","slug":"impressum","status":"publish","type":"page","link":"https:\/\/supanz.org\/de\/impressum\/","title":{"rendered":"Impressum"},"content":{"rendered":"<div class=\"fusion-fullwidth fullwidth-box fusion-builder-row-1 nonhundred-percent-fullwidth non-hundred-percent-height-scrolling\" style=\"--awb-border-radius-top-left:0px;--awb-border-radius-top-right:0px;--awb-border-radius-bottom-right:0px;--awb-border-radius-bottom-left:0px;--awb-flex-wrap:wrap;\" ><div class=\"fusion-builder-row fusion-row\"><div class=\"fusion-layout-column fusion_builder_column fusion-builder-column-0 fusion_builder_column_1_1 1_1 fusion-one-full fusion-column-first fusion-column-last\" style=\"--awb-bg-size:cover;\"><div class=\"fusion-column-wrapper fusion-flex-column-wrapper-legacy\"><div class=\"fusion-text fusion-text-1\"><h3>Informationen[1] gem. E-Commerce-Gesetz, MedienG, UGB, GewO und UrHG<\/h3>\n<h4>Allgemeine Informationen<\/h4>\n<table style=\"border-collapse: collapse; width: 79.6461%; height: 585px;\" border=\"1\">\n<tbody>\n<tr style=\"height: 24px;\">\n<td style=\"width: 12.1072%; height: 24px;\">Firma:<\/td>\n<td style=\"width: 74.5743%; height: 24px;\">Supanz GmbH<\/td>\n<\/tr>\n<tr style=\"height: 24px;\">\n<td style=\"width: 12.1072%; height: 24px;\">Rechtsform:<\/td>\n<td style=\"width: 74.5743%; height: 24px;\">Gesellschaft mit beschr\u00e4nkter HafGesellschaft mit beschr\u00e4nkter Haftungtung<\/td>\n<\/tr>\n<tr style=\"height: 48px;\">\n<td style=\"width: 12.1072%; height: 48px;\">Gesch\u00e4ftszweig bzw. Unternehmensgegenstand:<\/td>\n<td style=\"width: 74.5743%; height: 48px;\">Entwicklung, Vermietung und \u00dcberlassung von Softwareprodukten sowie die diesbez\u00fcgliche Beratung und Schulung<\/td>\n<\/tr>\n<tr style=\"height: 48px;\">\n<td style=\"width: 12.1072%; height: 48px;\">Gesch\u00e4ftsf\u00fchrer (handelsrechtlich und gewerberechtlich):<\/td>\n<td style=\"width: 74.5743%; height: 48px;\">Ing. Bernhard Supanz\u00a0 \u00a0 [Berufs- und Standesbezeichnung \u201eIngenieur\u201c wurde am 17.12.1982 vom Bundesministerium f\u00fcr Bauten und Technik in \u00d6sterreich verliehen.]<\/td>\n<\/tr>\n<tr style=\"height: 10px;\">\n<td style=\"width: 12.1072%; height: 10px;\">Gesellschafter:<\/td>\n<td style=\"width: 74.5743%; height: 10px;\">Ing. Bernhard Supanz (Gesch\u00e4ftsf\u00fchrer), Mag. Sabina Supanz-Smrt (Prokuristin);\u00a0 Stammkapital in H\u00f6he von EUR 35.000,00 voll eingebracht.<\/td>\n<\/tr>\n<tr style=\"height: 24px;\">\n<td style=\"width: 12.1072%; height: 24px;\">Gesch\u00e4ftsanschrift:<\/td>\n<td style=\"width: 74.5743%; height: 24px;\">9074 Keutschach\/See, Reauz 9a<\/td>\n<\/tr>\n<tr style=\"height: 24px;\">\n<td style=\"width: 12.1072%; height: 24px;\">Telefon\/Fax:<\/td>\n<td style=\"width: 74.5743%; height: 24px;\">+43 463 281 173<\/td>\n<\/tr>\n<tr style=\"height: 24px;\">\n<td style=\"width: 12.1072%; height: 24px;\">E-Mail:<\/td>\n<td style=\"width: 74.5743%; height: 24px;\"><a href=\"office@supanz.org\">office@supanz.org<\/a><\/td>\n<\/tr>\n<tr style=\"height: 24px;\">\n<td style=\"width: 12.1072%; height: 24px;\">Internetportal:<\/td>\n<td style=\"width: 74.5743%; height: 24px;\"><a href=\"https:\/\/www.supanz.org\">https:\/\/www.supanz.org<\/a><\/td>\n<\/tr>\n<tr style=\"height: 24px;\">\n<td style=\"width: 12.1072%; height: 24px;\">Firmenbuchnummer:<\/td>\n<td style=\"width: 74.5743%; height: 24px;\">318 788 g<\/td>\n<\/tr>\n<tr style=\"height: 24px;\">\n<td style=\"width: 12.1072%; height: 24px;\">Firmenbuchgericht:<\/td>\n<td style=\"width: 74.5743%; height: 24px;\">Landesgericht Klagenfurt; 9010 Klagenfurt am W\u00f6rthersee<\/td>\n<\/tr>\n<tr style=\"height: 24px;\">\n<td style=\"width: 12.1072%; height: 24px;\">Gewerbebeh\u00f6rde:<\/td>\n<td style=\"width: 74.5743%; height: 24px;\">Bezirkshauptmannschaft Klagenfurt, Bereich 2 \u2013 Gewerberecht; 9010 Klagenfurt am W\u00f6rthersee<\/td>\n<\/tr>\n<tr style=\"height: 48px;\">\n<td style=\"width: 12.1072%; height: 48px;\">Anwendbare gewerbe- od. berufsrechtliche Vorschriften:<\/td>\n<td style=\"width: 74.5743%; height: 48px;\">\u00d6sterreichische Gewerbeordnung\u00a0\u00a0\u00a0\u00a0\u00a0\u00a0\u00a0\u00a0\u00a0\u00a0\u00a0\u00a0\u00a0\u00a0\u00a0 Link:http:\/\/www.ris.bka.gv.at<\/td>\n<\/tr>\n<tr style=\"height: 24px;\">\n<td style=\"width: 12.1072%; height: 24px;\">Gewerbebezeichnung:<\/td>\n<td style=\"width: 74.5743%; height: 24px;\">Dienstleistungen in der automatischen Datenverarbeitung und Informationstechnik<\/td>\n<\/tr>\n<tr style=\"height: 24px;\">\n<td style=\"width: 12.1072%; height: 24px;\">Kammerzugeh\u00f6rigkeit:<\/td>\n<td style=\"width: 74.5743%; height: 24px;\">Wirtschaftskammer K\u00e4rnten, 9021 Klagenfurt\u00a0\u00a0 Link:http:\/\/www.wko.at\/ktn<\/td>\n<\/tr>\n<tr style=\"height: 24px;\">\n<td style=\"width: 12.1072%; height: 24px;\">Umsatzsteuer-Identifikationsnummer UID<\/td>\n<td style=\"width: 74.5743%; height: 24px;\">AT U64 545 148<\/td>\n<\/tr>\n<tr style=\"height: 24px;\">\n<td style=\"width: 12.1072%; height: 24px;\">D-U-N-S Nummer<\/td>\n<td style=\"width: 74.5743%; height: 24px;\">30 001 9232<\/td>\n<\/tr>\n<tr style=\"height: 24px;\">\n<td style=\"height: 24px; width: 86.6815%;\" colspan=\"2\">Angef\u00fchrte Preise sind zuz\u00fcglich der gesetzlich vorgeschriebenen Umsatzsteuer und zuz\u00fcglich sonstiger Abgaben, Zuschl\u00e4ge oder Versandkosten.<\/td>\n<\/tr>\n<tr style=\"height: 24px;\">\n<td style=\"width: 86.6815%; height: 24px;\" colspan=\"2\">Es gilt \u00d6sterreichisches Recht. Vertragssprache ist deutsch.<\/td>\n<\/tr>\n<\/tbody>\n<\/table>\n<h4><\/h4>\n<h4>Offenlegungspflicht laut Mediengesetz<\/h4>\n<p>Medieninhaber: Supanz GmbH, die vorliegende Web-Site wurde in technischer Eigenverantwortung der Supanz GmbH mit Word Press erstellt.<\/p>\n<p>Niederlassung des Medieninhabers: 9074 Keutschach\/See, Reauz 9a<\/p>\n<p>Unternehmensgegenstand des Medieninhabers: Entwicklung, Vermietung und \u00dcberlassung von Softwareprodukten sowie die diesbez\u00fcgliche Beratung und Schulung<\/p>\n<p>F\u00fcr den Inhalt verantwortlich: Mag. Sabina Supanz-Smrt und Ing. Bernhard Supanz, 9074 Keutschach\/See, Reauz 9a<\/p>\n<p>Web-Design: Im Rahmen der Gestaltung unserer CI wurde das Grundlayout unserer Web-Site von Andreas Kurzmann designed: www.kurzmannkonzept.at;<\/p>\n<p>Bildmaterial: Urheberrechte Supanz GmbH; gekauftes Bildmaterial sowie kostenlose Cliparts.<\/p>\n<p>Die Ver\u00f6ffentlichung dieser Website dient in erster Linie der Information \u00fcber Produkte und Dienstleistungen, sowie zur F\u00f6rderung des Absatzes von Produkten und Dienstleistungen. Neben dieser Marktplatzfunktion dient sie jedoch auch als Kommunikationstreffpunkt sowie Demonstrations- und Schulungsplattform f\u00fcr zB KundInnen und NetzwerkpartnerInnen.<\/p>\n<p>Nutzungsbedingungen<\/p>\n<p>Die Inhalte dieser Web-Site sind frei nutzbar und dienen ausschlie\u00dflich der Information. Es kommen durch die Nutzung der Auswahlm\u00f6glichkeiten der Web-Site keinerlei Rechtsgesch\u00e4fte zwischen der Eigent\u00fcmerin (Supanz GmbH) und den Nutzern zustande. Die weitere Vorgehensweise zwischen Anbietern und Nutzern und der m\u00f6gliche sp\u00e4tere Abschluss von Auftr\u00e4gen zwischen Anbietern und Nutzern liegen im ausschlie\u00dflichen Ermessen der Nutzer.<\/p>\n<p>Copyright und Haftungsausschluss<\/p>\n<p>Im Hinblick auf die technischen Eigenschaften des Internet kann keine Gew\u00e4hr f\u00fcr die Authentizit\u00e4t, Richtigkeit und Vollst\u00e4ndigkeit der im Internet zur Verf\u00fcgung gestellten Informationen \u00fcbernommen werden. Es wird auch keine Gew\u00e4hr f\u00fcr die Verf\u00fcgbarkeit oder den Betrieb der gegenst\u00e4ndlichen Homepage und ihrer Inhalte \u00fcbernommen.<\/p>\n<p>Jede Haftung f\u00fcr unmittelbare, mittelbare oder sonstige Sch\u00e4den, unabh\u00e4ngig von deren Ursachen, die aus der Benutzung oder Nichtverf\u00fcgbarkeit der Daten und Informationen dieser Homepage erwachsen, wird, soweit rechtlich zul\u00e4ssig, ausgeschlossen.<\/p>\n<p>Inhalt, Struktur und Layout dieser Homepage ist urheberrechtlich gesch\u00fctzt. Urheberrechte f\u00fcr Bildmaterial, Texte und andere gesch\u00fctzte Werke, Marken und Kennzeichen werden dadurch nicht beschnitten. Die Vervielf\u00e4ltigung (inklusive des Ausdrucks auf Papier) oder die Verwendung der Website bzw. von Teilen davon zu Informationszwecken ist gestattet. Die Informationen sind nur f\u00fcr die pers\u00f6nliche Verwendung bestimmt. Jede weitergehende Nutzung insbesondere die Speicherung in Datenbanken, Vervielf\u00e4ltigung und jede Form von gewerblicher Nutzung sowie die Weitergabe an Dritte &#8211; auch in Teilen oder in \u00fcberarbeiteter Form &#8211; ohne Zustimmung des Website-Inhabers ist untersagt.<\/p>\n<p>Hyperlinks auf diese Web-Site sind willkommen. Jede Einbindung einzelner Seiten unseres Angebotes in fremde Frames ist zu unterlassen, ebenso das zur Verf\u00fcgungstellen unseres RSS-Feeds auf fremden Seiten.<\/p>\n<p>Die im Internetportal www.supanz.org ver\u00f6ffentlichten Inhalte sind mit gr\u00f6\u00dfter Sorgfalt recherchiert, die technischen Services bestm\u00f6glich programmiert. Dennoch kann der Internetportal-Inhaber keine Gew\u00e4hr f\u00fcr die vollst\u00e4ndige Richtigkeit \u00fcbernehmen. Alle Angaben erfolgen ohne Gew\u00e4hr. Eine Haftung f\u00fcr Sch\u00e4den, die sich aus der Verwendung der im Internetportal www.supanz.orgver\u00f6ffentlichten Inhalte oder Services ergeben, ist ausgeschlossen.<\/p>\n<p>Datenschutz und Datensicherheit<\/p>\n<p>Soweit auf unseren Seiten personenbezogene Daten (beispielsweise Name, Anschrift oder E-Mail-Adressen) erhoben werden, erfolgt dies soweit m\u00f6glich stets auf freiwilliger Basis. Die Nutzung der Angebote und Dienste ist, soweit m\u00f6glich, stets ohne Angabe personenbezogener Daten m\u00f6glich.<\/p>\n<p>Der Nutzung von im Rahmen der Impressumpflicht ver\u00f6ffentlichten Kontaktdaten durch Dritte zur \u00dcbersendung von nicht ausdr\u00fccklich angeforderter Werbung und Informationsmaterialien wird hiermit ausdr\u00fccklich widersprochen. Die Betreiber der Seiten behalten sich ausdr\u00fccklich rechtliche Schritte im Falle der unverlangten Zusendung von Werbeinformationen, etwa durch Spam-Mails, vor.<\/p>\n<p>Es werden keinerlei pers\u00f6nliche Daten von Besuchern unserer Webseite gesammelt, es sei denn, diese Daten werden uns zur Ben\u00fctzung ausdr\u00fccklich zur Verf\u00fcgung gestellt. Wir verwenden diese Informationen um unseren Service zu verbessern und zur Behandlung ihres Anliegens. Au\u00dfenstehende Personen haben zu Daten und E-Mail-Kommunikation keinen Zugang.<\/p>\n<p>Haftung f\u00fcr Links<\/p>\n<p>Diese Web-Site enth\u00e4lt Links zu externen Webseiten Dritter, auf deren Inhalte wir keinen Einfluss haben. Deshalb k\u00f6nnen wir f\u00fcr diese fremden Inhalte auch keine Gew\u00e4hr \u00fcbernehmen. F\u00fcr die Inhalte der verlinkten Seiten ist stets der jeweilige Anbieter oder Betreiber der Seiten verantwortlich. Die verlinkten Seiten wurden zum Zeitpunkt der Verlinkung auf m\u00f6gliche Rechtsverst\u00f6\u00dfe \u00fcberpr\u00fcft. Rechtswidrige Inhalte waren zum Zeitpunkt der Verlinkung nicht erkennbar. Eine permanente inhaltliche Kontrolle der verlinkten Seiten ist jedoch ohne konkrete Anhaltspunkte einer Rechtsverletzung nicht zumutbar. Bei bekannt werden von Rechtsverletzungen werden wir derartige Links umgehend entfernen.<\/p>\n<p>________________________________________<\/p>\n<p>[1] Quelle: Anregungen (Informationsbl\u00e4tter\/Checklisten) zur Erf\u00fcllung der gesetzlichen Informationspflicht f\u00fcr Webauftritte stammen von der WKO (Wirtschaftskammer \u00d6sterreichs) und einer diesbez\u00fcglichen Zusammenfassung von Ingrid J. Bressler;\u00a0 Stand: Oktober 2009<\/p>\n<\/div><div class=\"fusion-clearfix\"><\/div><\/div><\/div><\/div><\/div>\n","protected":false},"excerpt":{"rendered":"","protected":false},"author":2,"featured_media":0,"parent":0,"menu_order":0,"comment_status":"open","ping_status":"open","template":"","meta":{"_bbp_topic_count":0,"_bbp_reply_count":0,"_bbp_total_topic_count":0,"_bbp_total_reply_count":0,"_bbp_voice_count":0,"_bbp_anonymous_reply_count":0,"_bbp_topic_count_hidden":0,"_bbp_reply_count_hidden":0,"_bbp_forum_subforum_count":0,"content-type":"","jetpack_post_was_ever_published":false,"footnotes":"","_links_to":"","_links_to_target":""},"acf":[],"yoast_head":"<!-- This site is optimized with the Yoast SEO plugin v21.4 - https:\/\/yoast.com\/wordpress\/plugins\/seo\/ -->\n<title>Impressum - Supanz GmbH<\/title>\n<meta name=\"description\" content=\"Supanz GmbH, SAP Integration and Mobile Apps - Allgemeine Gesch\u00e4ftsbedingungen und Lizenzvereinbarungen\" \/>\n<meta name=\"robots\" content=\"index, follow, max-snippet:-1, max-image-preview:large, max-video-preview:-1\" \/>\n<link rel=\"canonical\" href=\"https:\/\/supanz.org\/de\/impressum\/\" \/>\n<meta property=\"og:locale\" content=\"de_DE\" \/>\n<meta property=\"og:type\" content=\"article\" \/>\n<meta property=\"og:title\" content=\"[:de]Impressum[:en]Legal Notice[:] - Supanz GmbH\" \/>\n<meta property=\"og:description\" content=\"Supanz GmbH, SAP Integration and Mobile Apps - Allgemeine Gesch\u00e4ftsbedingungen und Lizenzvereinbarungen\" \/>\n<meta property=\"og:url\" content=\"https:\/\/supanz.org\/de\/impressum\/\" \/>\n<meta property=\"og:site_name\" content=\"Supanz GmbH\" \/>\n<meta property=\"article:modified_time\" content=\"2021-05-02T19:14:29+00:00\" \/>\n<meta name=\"twitter:card\" content=\"summary_large_image\" \/>\n<meta name=\"twitter:label1\" content=\"Gesch\u00e4tzte Lesezeit\" \/>\n\t<meta name=\"twitter:data1\" content=\"6 Minuten\" \/>\n<script type=\"application\/ld+json\" class=\"yoast-schema-graph\">{\"@context\":\"https:\/\/schema.org\",\"@graph\":[{\"@type\":\"WebPage\",\"@id\":\"https:\/\/supanz.org\/de\/impressum\/\",\"url\":\"https:\/\/supanz.org\/de\/impressum\/\",\"name\":\"[:de]Impressum[:en]Legal Notice[:] - Supanz GmbH\",\"isPartOf\":{\"@id\":\"https:\/\/supanz.org\/de\/#website\"},\"datePublished\":\"2018-05-29T12:45:20+00:00\",\"dateModified\":\"2021-05-02T19:14:29+00:00\",\"description\":\"Supanz GmbH, SAP Integration and Mobile Apps - Allgemeine Gesch\u00e4ftsbedingungen und Lizenzvereinbarungen\",\"breadcrumb\":{\"@id\":\"https:\/\/supanz.org\/de\/impressum\/#breadcrumb\"},\"inLanguage\":\"de-DE\",\"potentialAction\":[{\"@type\":\"ReadAction\",\"target\":[\"https:\/\/supanz.org\/de\/impressum\/\"]}]},{\"@type\":\"BreadcrumbList\",\"@id\":\"https:\/\/supanz.org\/de\/impressum\/#breadcrumb\",\"itemListElement\":[{\"@type\":\"ListItem\",\"position\":1,\"name\":\"Home\",\"item\":\"https:\/\/supanz.org\/\"},{\"@type\":\"ListItem\",\"position\":2,\"name\":\"Impressum\"}]},{\"@type\":\"WebSite\",\"@id\":\"https:\/\/supanz.org\/de\/#website\",\"url\":\"https:\/\/supanz.org\/de\/\",\"name\":\"Supanz GmbH\",\"description\":\"SAP Integration and Mobile Apps\",\"potentialAction\":[{\"@type\":\"SearchAction\",\"target\":{\"@type\":\"EntryPoint\",\"urlTemplate\":\"https:\/\/supanz.org\/de\/?s={search_term_string}\"},\"query-input\":\"required name=search_term_string\"}],\"inLanguage\":\"de-DE\"}]}<\/script>\n<!-- \/ Yoast SEO plugin. -->","yoast_head_json":{"title":"[:de]Impressum[:en]Legal Notice[:] - Supanz GmbH","description":"Supanz GmbH, SAP Integration and Mobile Apps - Allgemeine Gesch\u00e4ftsbedingungen und Lizenzvereinbarungen","robots":{"index":"index","follow":"follow","max-snippet":"max-snippet:-1","max-image-preview":"max-image-preview:large","max-video-preview":"max-video-preview:-1"},"canonical":"https:\/\/supanz.org\/de\/impressum\/","og_locale":"de_DE","og_type":"article","og_title":"[:de]Impressum[:en]Legal Notice[:] - Supanz GmbH","og_description":"Supanz GmbH, SAP Integration and Mobile Apps - Allgemeine Gesch\u00e4ftsbedingungen und Lizenzvereinbarungen","og_url":"https:\/\/supanz.org\/de\/impressum\/","og_site_name":"Supanz GmbH","article_modified_time":"2021-05-02T19:14:29+00:00","twitter_card":"summary_large_image","twitter_misc":{"Gesch\u00e4tzte Lesezeit":"6 Minuten"},"schema":{"@context":"https:\/\/schema.org","@graph":[{"@type":"WebPage","@id":"https:\/\/supanz.org\/de\/impressum\/","url":"https:\/\/supanz.org\/de\/impressum\/","name":"[:de]Impressum[:en]Legal Notice[:] - Supanz GmbH","isPartOf":{"@id":"https:\/\/supanz.org\/de\/#website"},"datePublished":"2018-05-29T12:45:20+00:00","dateModified":"2021-05-02T19:14:29+00:00","description":"Supanz GmbH, SAP Integration and Mobile Apps - Allgemeine Gesch\u00e4ftsbedingungen und Lizenzvereinbarungen","breadcrumb":{"@id":"https:\/\/supanz.org\/de\/impressum\/#breadcrumb"},"inLanguage":"de-DE","potentialAction":[{"@type":"ReadAction","target":["https:\/\/supanz.org\/de\/impressum\/"]}]},{"@type":"BreadcrumbList","@id":"https:\/\/supanz.org\/de\/impressum\/#breadcrumb","itemListElement":[{"@type":"ListItem","position":1,"name":"Home","item":"https:\/\/supanz.org\/"},{"@type":"ListItem","position":2,"name":"Impressum"}]},{"@type":"WebSite","@id":"https:\/\/supanz.org\/de\/#website","url":"https:\/\/supanz.org\/de\/","name":"Supanz GmbH","description":"SAP Integration and Mobile Apps","potentialAction":[{"@type":"SearchAction","target":{"@type":"EntryPoint","urlTemplate":"https:\/\/supanz.org\/de\/?s={search_term_string}"},"query-input":"required name=search_term_string"}],"inLanguage":"de-DE"}]}},"jetpack_sharing_enabled":true,"jetpack_shortlink":"https:\/\/wp.me\/PaFdBB-3AR","_links":{"self":[{"href":"https:\/\/supanz.org\/de\/wp-json\/wp\/v2\/pages\/13817"}],"collection":[{"href":"https:\/\/supanz.org\/de\/wp-json\/wp\/v2\/pages"}],"about":[{"href":"https:\/\/supanz.org\/de\/wp-json\/wp\/v2\/types\/page"}],"author":[{"embeddable":true,"href":"https:\/\/supanz.org\/de\/wp-json\/wp\/v2\/users\/2"}],"replies":[{"embeddable":true,"href":"https:\/\/supanz.org\/de\/wp-json\/wp\/v2\/comments?post=13817"}],"version-history":[{"count":0,"href":"https:\/\/supanz.org\/de\/wp-json\/wp\/v2\/pages\/13817\/revisions"}],"wp:attachment":[{"href":"https:\/\/supanz.org\/de\/wp-json\/wp\/v2\/media?parent=13817"}],"curies":[{"name":"wp","href":"https:\/\/api.w.org\/{rel}","templated":true}]}}